{"id":465,"date":"2018-03-03T19:37:52","date_gmt":"2018-03-04T00:37:52","guid":{"rendered":"https:\/\/www.cloturegatineaufence.ca\/?page_id=465"},"modified":"2024-07-22T13:36:34","modified_gmt":"2024-07-22T17:36:34","slug":"your-trusted-gatineau-fence-contractor","status":"publish","type":"page","link":"https:\/\/www.cloturegatineaufence.ca\/en\/","title":{"rendered":"Your Trusted Gatineau Fence Contractor"},"content":{"rendered":"&nbsp;\r\n<h3>Cl\u00f4ture Gatineau Fence (CGF)<\/h3>\r\nYou have a <strong>fence installation<\/strong> or a repair project to do in Gatineau? You stumbled upon the right place in the Outaouais region!\r\n\r\nOur goal is to be a reliable partner by offering you the best quality services for your fence projects in Gatineau!\r\n<h3 style=\"text-align: center;\">Get your FREE quote online today !<\/h3>\r\n<img loading=\"lazy\" decoding=\"async\" src=\"https:\/\/www.cloturegatineaufence.ca\/wp-content\/uploads\/2018\/02\/pexels-photo.jpg\" alt=\"pexels-photo\" width=\"1280\" height=\"853\" \/>\r\n\r\nIt is important that you can rely on us. Respect, perfectionism and courtesy are part of our corporate values \u200b\u200band we take our reputation very seriously. We know how important it is to be professional during our mandates: that is what has built our credibility as a company. Discover the models of residential fencing that we offer in the National Capital Region:\r\n\r\n&#8211; <strong><a href=\"https:\/\/www.cloturegatineaufence.ca\/en\/chainlink-fence-gatineau-frost\/\">Chainlink Fence<\/a> (frost)<\/strong>\r\n&#8211; <a href=\"https:\/\/www.cloturegatineaufence.ca\/en\/wood-fence-gatineau-cedar\/\"><strong>Wood Fence<\/strong><\/a>\r\n&#8211;\u00a0<a href=\"https:\/\/www.cloturegatineaufence.ca\/en\/ornamental-fence-gatineau-steel\/\"><strong>Steel \/ Ornemental Fence<\/strong><\/a>\r\n&#8211;<strong>\u00a0<a href=\"https:\/\/www.cloturegatineaufence.ca\/en\/pvc-fence-gatineau-ottawa\/\">PVC Fence<\/a><\/strong>\r\n\r\n<img loading=\"lazy\" decoding=\"async\" src=\"https:\/\/www.cloturegatineaufence.ca\/wp-content\/uploads\/2018\/02\/pexels-photo-701758.jpeg\" alt=\"pexels-photo-701758\" width=\"640\" height=\"426\" \/>\r\n<h2>Gatineau \/ Ottawa fence installation and fence repairs services<\/h2>\r\nAll work done by our company is 100% guaranteed. Our team of professionals provides its customers an impeccable service, guaranteed, meeting the most demanding standards of the industry.\r\n\r\n<strong>Contact us now<\/strong> for more details on our products and services.","protected":false},"excerpt":{"rendered":"<p>&nbsp; Cl\u00f4ture Gatineau Fence (CGF) You have a fence installation or a repair project to do in Gatineau? You stumbled upon the right place in the Outaouais region! [&hellip;]<\/p>\n","protected":false},"author":1,"featured_media":0,"parent":0,"menu_order":0,"comment_status":"closed","ping_status":"closed","template":"","meta":{"footnotes":""},"yoast_head":"<!-- This site is optimized with the Yoast SEO plugin v22.0 - https:\/\/yoast.com\/wordpress\/plugins\/seo\/ -->\n<title>Cl\u00f4tures \u00e0 Gatineau - CGF - Cl\u00f4ture Gatineau Fence<\/title>\n<meta name=\"robots\" content=\"index, follow, max-snippet:-1, max-image-preview:large, max-video-preview:-1\" \/>\n<link rel=\"canonical\" href=\"https:\/\/www.cloturegatineaufence.ca\/en\/\" \/>\n<meta property=\"og:locale\" content=\"en_US\" \/>\n<meta property=\"og:type\" content=\"article\" \/>\n<meta property=\"og:title\" content=\"Cl\u00f4tures \u00e0 Gatineau - CGF - Cl\u00f4ture Gatineau Fence\" \/>\n<meta property=\"og:description\" content=\"&nbsp; Cl\u00f4ture Gatineau Fence (CGF) You have a fence installation or a repair project to do in Gatineau? You stumbled upon the right place in the Outaouais region! [&hellip;]\" \/>\n<meta property=\"og:url\" content=\"https:\/\/www.cloturegatineaufence.ca\/en\/\" \/>\n<meta property=\"og:site_name\" content=\"Cl&ocirc;ture Gatineau Fence\" \/>\n<meta property=\"article:modified_time\" content=\"2024-07-22T17:36:34+00:00\" \/>\n<meta property=\"og:image\" content=\"https:\/\/www.cloturegatineaufence.ca\/wp-content\/uploads\/2018\/02\/pexels-photo.jpg\" \/>\n<meta name=\"twitter:card\" content=\"summary_large_image\" \/>\n<meta name=\"twitter:label1\" content=\"Est. reading time\" \/>\n\t<meta name=\"twitter:data1\" content=\"1 minute\" \/>\n<script type=\"application\/ld+json\" class=\"yoast-schema-graph\">{\"@context\":\"https:\/\/schema.org\",\"@graph\":[{\"@type\":\"WebPage\",\"@id\":\"https:\/\/www.cloturegatineaufence.ca\/en\/\",\"url\":\"https:\/\/www.cloturegatineaufence.ca\/en\/\",\"name\":\"Cl\u00f4tures \u00e0 Gatineau - CGF - Cl\u00f4ture Gatineau Fence\",\"isPartOf\":{\"@id\":\"https:\/\/www.cloturegatineaufence.ca\/#website\"},\"datePublished\":\"2018-03-04T00:37:52+00:00\",\"dateModified\":\"2024-07-22T17:36:34+00:00\",\"breadcrumb\":{\"@id\":\"https:\/\/www.cloturegatineaufence.ca\/en\/#breadcrumb\"},\"inLanguage\":\"en-US\",\"potentialAction\":[{\"@type\":\"ReadAction\",\"target\":[\"https:\/\/www.cloturegatineaufence.ca\/en\/\"]}]},{\"@type\":\"BreadcrumbList\",\"@id\":\"https:\/\/www.cloturegatineaufence.ca\/en\/#breadcrumb\",\"itemListElement\":[{\"@type\":\"ListItem\",\"position\":1,\"name\":\"Accueil\",\"item\":\"https:\/\/www.cloturegatineaufence.ca\/en\/\"},{\"@type\":\"ListItem\",\"position\":2,\"name\":\"Your Trusted Gatineau Fence Contractor\"}]},{\"@type\":\"WebSite\",\"@id\":\"https:\/\/www.cloturegatineaufence.ca\/#website\",\"url\":\"https:\/\/www.cloturegatineaufence.ca\/\",\"name\":\"Cl&ocirc;ture Gatineau Fence\",\"description\":\"\",\"publisher\":{\"@id\":\"https:\/\/www.cloturegatineaufence.ca\/#organization\"},\"potentialAction\":[{\"@type\":\"SearchAction\",\"target\":{\"@type\":\"EntryPoint\",\"urlTemplate\":\"https:\/\/www.cloturegatineaufence.ca\/?s={search_term_string}\"},\"query-input\":\"required name=search_term_string\"}],\"inLanguage\":\"en-US\"},{\"@type\":\"Organization\",\"@id\":\"https:\/\/www.cloturegatineaufence.ca\/#organization\",\"name\":\"Cl&ocirc;ture Gatineau Fence\",\"url\":\"https:\/\/www.cloturegatineaufence.ca\/\",\"logo\":{\"@type\":\"ImageObject\",\"inLanguage\":\"en-US\",\"@id\":\"https:\/\/www.cloturegatineaufence.ca\/#\/schema\/logo\/image\/\",\"url\":\"https:\/\/www.cloturegatineaufence.ca\/wp-content\/uploads\/2018\/03\/cgf.png\",\"contentUrl\":\"https:\/\/www.cloturegatineaufence.ca\/wp-content\/uploads\/2018\/03\/cgf.png\",\"width\":250,\"height\":100,\"caption\":\"Cl&ocirc;ture Gatineau Fence\"},\"image\":{\"@id\":\"https:\/\/www.cloturegatineaufence.ca\/#\/schema\/logo\/image\/\"}}]}<\/script>\n<!-- \/ Yoast SEO plugin. -->","yoast_head_json":{"title":"Cl\u00f4tures \u00e0 Gatineau - CGF - Cl\u00f4ture Gatineau Fence","robots":{"index":"index","follow":"follow","max-snippet":"max-snippet:-1","max-image-preview":"max-image-preview:large","max-video-preview":"max-video-preview:-1"},"canonical":"https:\/\/www.cloturegatineaufence.ca\/en\/","og_locale":"en_US","og_type":"article","og_title":"Cl\u00f4tures \u00e0 Gatineau - CGF - Cl\u00f4ture Gatineau Fence","og_description":"&nbsp; Cl\u00f4ture Gatineau Fence (CGF) You have a fence installation or a repair project to do in Gatineau? You stumbled upon the right place in the Outaouais region! [&hellip;]","og_url":"https:\/\/www.cloturegatineaufence.ca\/en\/","og_site_name":"Cl&ocirc;ture Gatineau Fence","article_modified_time":"2024-07-22T17:36:34+00:00","og_image":[{"url":"https:\/\/www.cloturegatineaufence.ca\/wp-content\/uploads\/2018\/02\/pexels-photo.jpg"}],"twitter_card":"summary_large_image","twitter_misc":{"Est. reading time":"1 minute"},"schema":{"@context":"https:\/\/schema.org","@graph":[{"@type":"WebPage","@id":"https:\/\/www.cloturegatineaufence.ca\/en\/","url":"https:\/\/www.cloturegatineaufence.ca\/en\/","name":"Cl\u00f4tures \u00e0 Gatineau - CGF - Cl\u00f4ture Gatineau Fence","isPartOf":{"@id":"https:\/\/www.cloturegatineaufence.ca\/#website"},"datePublished":"2018-03-04T00:37:52+00:00","dateModified":"2024-07-22T17:36:34+00:00","breadcrumb":{"@id":"https:\/\/www.cloturegatineaufence.ca\/en\/#breadcrumb"},"inLanguage":"en-US","potentialAction":[{"@type":"ReadAction","target":["https:\/\/www.cloturegatineaufence.ca\/en\/"]}]},{"@type":"BreadcrumbList","@id":"https:\/\/www.cloturegatineaufence.ca\/en\/#breadcrumb","itemListElement":[{"@type":"ListItem","position":1,"name":"Accueil","item":"https:\/\/www.cloturegatineaufence.ca\/en\/"},{"@type":"ListItem","position":2,"name":"Your Trusted Gatineau Fence Contractor"}]},{"@type":"WebSite","@id":"https:\/\/www.cloturegatineaufence.ca\/#website","url":"https:\/\/www.cloturegatineaufence.ca\/","name":"Cl&ocirc;ture Gatineau Fence","description":"","publisher":{"@id":"https:\/\/www.cloturegatineaufence.ca\/#organization"},"potentialAction":[{"@type":"SearchAction","target":{"@type":"EntryPoint","urlTemplate":"https:\/\/www.cloturegatineaufence.ca\/?s={search_term_string}"},"query-input":"required name=search_term_string"}],"inLanguage":"en-US"},{"@type":"Organization","@id":"https:\/\/www.cloturegatineaufence.ca\/#organization","name":"Cl&ocirc;ture Gatineau Fence","url":"https:\/\/www.cloturegatineaufence.ca\/","logo":{"@type":"ImageObject","inLanguage":"en-US","@id":"https:\/\/www.cloturegatineaufence.ca\/#\/schema\/logo\/image\/","url":"https:\/\/www.cloturegatineaufence.ca\/wp-content\/uploads\/2018\/03\/cgf.png","contentUrl":"https:\/\/www.cloturegatineaufence.ca\/wp-content\/uploads\/2018\/03\/cgf.png","width":250,"height":100,"caption":"Cl&ocirc;ture Gatineau Fence"},"image":{"@id":"https:\/\/www.cloturegatineaufence.ca\/#\/schema\/logo\/image\/"}}]}},"_links":{"self":[{"href":"https:\/\/www.cloturegatineaufence.ca\/en\/wp-json\/wp\/v2\/pages\/465"}],"collection":[{"href":"https:\/\/www.cloturegatineaufence.ca\/en\/wp-json\/wp\/v2\/pages"}],"about":[{"href":"https:\/\/www.cloturegatineaufence.ca\/en\/wp-json\/wp\/v2\/types\/page"}],"author":[{"embeddable":true,"href":"https:\/\/www.cloturegatineaufence.ca\/en\/wp-json\/wp\/v2\/users\/1"}],"replies":[{"embeddable":true,"href":"https:\/\/www.cloturegatineaufence.ca\/en\/wp-json\/wp\/v2\/comments?post=465"}],"version-history":[{"count":5,"href":"https:\/\/www.cloturegatineaufence.ca\/en\/wp-json\/wp\/v2\/pages\/465\/revisions"}],"predecessor-version":[{"id":5034,"href":"https:\/\/www.cloturegatineaufence.ca\/en\/wp-json\/wp\/v2\/pages\/465\/revisions\/5034"}],"wp:attachment":[{"href":"https:\/\/www.cloturegatineaufence.ca\/en\/wp-json\/wp\/v2\/media?parent=465"}],"curies":[{"name":"wp","href":"https:\/\/api.w.org\/{rel}","templated":true}]}}